{"id":26,"date":"2021-10-05T08:12:00","date_gmt":"2021-10-05T08:12:00","guid":{"rendered":"http:\/\/antares.scherer-kohl.de\/?page_id=26"},"modified":"2022-04-08T08:42:48","modified_gmt":"2022-04-08T08:42:48","slug":"presse","status":"publish","type":"page","link":"https:\/\/scherer-kohl.de\/index.php\/unternehmen\/presse\/","title":{"rendered":"Aktuelles"},"content":{"rendered":"<div class=\"n2-section-smartslider fitvidsignore small-slider n2_clear\" data-ssid=\"19\"><div id=\"n2-ss-19-align\" class=\"n2-ss-align\"><div class=\"n2-padding\"><div id=\"n2-ss-19\" data-creator=\"Smart Slider 3\" data-responsive=\"fullwidth\" class=\"n2-ss-slider n2-ow n2-has-hover n2notransition  \">\n        <div class=\"n2-ss-slider-1 n2_ss__touch_element n2-ow\">\n            <div class=\"n2-ss-slider-2 n2-ow\">\n                                                <div class=\"n2-ss-slider-3 n2-ow\">\n\n                    <div class=\"n2-ss-slide-backgrounds n2-ow-all\"><div class=\"n2-ss-slide-background\" data-public-id=\"1\" data-mode=\"fill\"><div class=\"n2-ss-slide-background-image\" data-blur=\"0\" data-opacity=\"100\" data-x=\"46\" data-y=\"47\" data-alt=\"\" data-title=\"\" style=\"--ss-o-pos-x:46%;--ss-o-pos-y:47%\"><picture class=\"skip-lazy\" data-skip-lazy=\"1\"><img decoding=\"async\" src=\"\/\/scherer-kohl.de\/wp-content\/uploads\/2021\/11\/Schmaler-Header-2.jpg\" alt=\"\" title=\"\" loading=\"lazy\" class=\"skip-lazy\" data-skip-lazy=\"1\"><\/picture><\/div><div data-color=\"RGBA(255,255,255,0)\" style=\"background-color: RGBA(255,255,255,0);\" class=\"n2-ss-slide-background-color\"><\/div><\/div><\/div>                    <div class=\"n2-ss-slider-4 n2-ow\">\n                        <svg xmlns=\"http:\/\/www.w3.org\/2000\/svg\" viewBox=\"0 0 1200 140\" data-related-device=\"desktopPortrait\" class=\"n2-ow n2-ss-preserve-size n2-ss-preserve-size--slider n2-ss-slide-limiter\"><\/svg><div data-first=\"1\" data-slide-duration=\"0\" data-id=\"66\" data-slide-public-id=\"1\" data-title=\"slider-schmal-sk-2\" class=\"n2-ss-slide n2-ow  n2-ss-slide-66\"><div role=\"note\" class=\"n2-ss-slide--focus\" tabindex=\"-1\">slider-schmal-sk-2<\/div><div class=\"n2-ss-layers-container n2-ss-slide-limiter n2-ow\"><div class=\"n2-ss-layer n2-ow n-uc-mPkAEsSMfDeZ\" data-sstype=\"slide\" data-pm=\"default\"><\/div><\/div><\/div>                    <\/div>\n\n                                    <\/div>\n            <\/div>\n        <\/div>\n        <\/div><ss3-loader><\/ss3-loader><\/div><\/div><div class=\"n2_clear\"><\/div><\/div>\n\n\n<div class=\"wp-block-qubely-row qubely-section qubely-block-dd73b9\"><div class=\"qubely-row-overlay\"><\/div><div class=\"qubely-container\"><div class=\"qubely-row \">\n<div class=\"wp-block-qubely-column qubely-column qubely-column-front qubely-block-90d895\"><div class=\"qubely-column-inner\">\n<div class=\"wp-block-qubely-heading qubely-block-df14a1\"><div class=\"qubely-block-heading  qubely-has-separator qubely-separator-position-bottom\"><div class=\"qubely-heading-container\"><h2 class=\"qubely-heading-selector\">Aktuelles<\/h2><div class=\"qubely-separator qubely-separator-after\"><span class=\"qubely-separator-type-css qubely-separator-solid\"><\/span><\/div><\/div><h4 class=\"qubely-sub-heading-selector\">Was gibt es Neues bei Scherer+Kohl?<\/h4><\/div><\/div>\n<\/div><\/div>\n<\/div><\/div><\/div>\n\n\n\n<div class=\"wp-block-qubely-row qubely-section qubely-block-2073d3\"><div class=\"qubely-row-overlay\"><\/div><div class=\"qubely-container\"><div class=\"qubely-row \">\n<div class=\"wp-block-qubely-column qubely-column qubely-column-front qubely-block-bf8f09\"><div class=\"qubely-column-inner\"><div class=\"wp-block-qubely-postgrid qubely-block-3a7565\"><div class=\"qubely-postgrid-wrapper  qubely-postgrid-layout-2 qubely-postgrid-column qubely-postgrid-column-md2 qubely-postgrid-column-sm2 qubely-postgrid-column-xs1\" ><div class=\"qubely-postgrid qubely-post-grid-view qubely-postgrid-style-3\"><div class=\"qubely-post-grid-wrapper qubely-post-grid-center\"><div class=\"qubely-post-grid-content\"><h2 class=\"qubely-postgrid-title\"><a href=\"https:\/\/scherer-kohl.de\/index.php\/2024\/10\/14\/scherer-kohl-belegt-3-platz-beim-basf-award-fuer-kontraktoren-2024\/\">Scherer &amp; Kohl belegt 3. Platz beim BASF Award f\u00fcr Kontraktoren 2024<\/a><\/h2><div class=\"qubely-postgrid-meta\"><span><i class=\"far fa-calendar-alt\"><\/i> 14\/10\/2024<\/span><\/div><div class=\"qubely-postgrid-intro\">Wir freuen uns, bekannt zu geben, dass Scherer &amp; Kohl den 3. Platz beim BASF Award f\u00fcr Kontraktoren 2024 belegt hat! Dieses bedeutende Ereignis w\u00fcrdigt unsere kontinuierliche Zusammenarbeit mit BASF, [&hellip;]<\/div><div class=\"qubely-postgrid-btn-wrapper\"><a class=\"qubely-postgrid-btn qubely-button-fill is-small\" href=\"https:\/\/scherer-kohl.de\/index.php\/2024\/10\/14\/scherer-kohl-belegt-3-platz-beim-basf-award-fuer-kontraktoren-2024\/\">weiterlesen<\/a><\/div><\/div><\/div><\/div><div class=\"qubely-postgrid qubely-post-grid-view qubely-postgrid-style-3\"><div class=\"qubely-post-grid-wrapper qubely-post-grid-center\"><div class=\"qubely-post-grid-content\"><h2 class=\"qubely-postgrid-title\"><a href=\"https:\/\/scherer-kohl.de\/index.php\/2024\/09\/03\/scherer-kohl-live\/\">Scherer &#038; Kohl Filme<\/a><\/h2><div class=\"qubely-postgrid-meta\"><span><i class=\"far fa-calendar-alt\"><\/i> 03\/09\/2024<\/span><\/div><div class=\"qubely-postgrid-intro\">Sie interessieren sich f\u00fcr unsere t\u00e4glichen Arbeiten? Viel Spa\u00df mit unserem Film \u00fcber den Alltag bei Scherer + Kohl!<\/div><div class=\"qubely-postgrid-btn-wrapper\"><a class=\"qubely-postgrid-btn qubely-button-fill is-small\" href=\"https:\/\/scherer-kohl.de\/index.php\/2024\/09\/03\/scherer-kohl-live\/\">weiterlesen<\/a><\/div><\/div><\/div><\/div><div class=\"qubely-postgrid qubely-post-grid-view qubely-postgrid-style-3\"><div class=\"qubely-post-grid-wrapper qubely-post-grid-center\"><div class=\"qubely-post-grid-content\"><h2 class=\"qubely-postgrid-title\"><a href=\"https:\/\/scherer-kohl.de\/index.php\/2021\/10\/20\/ab-ans-werk-der-neue-einlauftrailer-der-eulen-ludwigshafen\/\">Ab ans Werk &#8211; Der neue Einlauftrailer der Eulen Ludwigshafen<\/a><\/h2><div class=\"qubely-postgrid-meta\"><span><i class=\"far fa-calendar-alt\"><\/i> 20\/10\/2021<\/span><\/div><div class=\"qubely-postgrid-intro\">Sie interessieren sich f\u00fcr unsere t\u00e4glichen Arbeiten? Dann \u00f6ffnen Sie bitte den Link und schauen sich den Film an.<\/div><div class=\"qubely-postgrid-btn-wrapper\"><a class=\"qubely-postgrid-btn qubely-button-fill is-small\" href=\"https:\/\/scherer-kohl.de\/index.php\/2021\/10\/20\/ab-ans-werk-der-neue-einlauftrailer-der-eulen-ludwigshafen\/\">weiterlesen<\/a><\/div><\/div><\/div><\/div><div class=\"qubely-postgrid qubely-post-grid-view qubely-postgrid-style-3\"><div class=\"qubely-post-grid-wrapper qubely-post-grid-center\"><div class=\"qubely-post-grid-content\"><h2 class=\"qubely-postgrid-title\"><a href=\"https:\/\/scherer-kohl.de\/index.php\/2021\/08\/19\/flutkatastrophe-und-ihre-menschen-vor-ort\/\">Flutkatastrophe und ihre Menschen vor Ort<\/a><\/h2><div class=\"qubely-postgrid-meta\"><span><i class=\"far fa-calendar-alt\"><\/i> 19\/08\/2021<\/span><\/div><div class=\"qubely-postgrid-intro\">Nach den schrecklichen Ereignissen im Ahrtal war und ist es uns auch weiterhin ein gro\u00dfes Bed\u00fcrfnis, Hilfe zu leisten.<\/div><div class=\"qubely-postgrid-btn-wrapper\"><a class=\"qubely-postgrid-btn qubely-button-fill is-small\" href=\"https:\/\/scherer-kohl.de\/index.php\/2021\/08\/19\/flutkatastrophe-und-ihre-menschen-vor-ort\/\">weiterlesen<\/a><\/div><\/div><\/div><\/div><div class=\"qubely-postgrid qubely-post-grid-view qubely-postgrid-style-3\"><div class=\"qubely-post-grid-wrapper qubely-post-grid-center\"><div class=\"qubely-post-grid-content\"><h2 class=\"qubely-postgrid-title\"><a href=\"https:\/\/scherer-kohl.de\/index.php\/2021\/02\/16\/gemeinsam-furs-baustoffrecycling\/\">Gemeinsam f\u00fcrs Baustoffrecycling<\/a><\/h2><div class=\"qubely-postgrid-meta\"><span><i class=\"far fa-calendar-alt\"><\/i> 16\/02\/2021<\/span><\/div><div class=\"qubely-postgrid-intro\">Der Baustoff\u00fcberwachungsverein Hessen &#8211; Rheinland-Pfalz e.V. und die Fachabteilung Recycling-Baustoffe Hessen &#8211; Rheinland-Pfalz im VSE haben ein Gemeinschaftsprojekt gestartet.<\/div><div class=\"qubely-postgrid-btn-wrapper\"><a class=\"qubely-postgrid-btn qubely-button-fill is-small\" href=\"https:\/\/scherer-kohl.de\/index.php\/2021\/02\/16\/gemeinsam-furs-baustoffrecycling\/\">weiterlesen<\/a><\/div><\/div><\/div><\/div><div class=\"qubely-postgrid qubely-post-grid-view qubely-postgrid-style-3\"><div class=\"qubely-post-grid-wrapper qubely-post-grid-center\"><div class=\"qubely-post-grid-content\"><h2 class=\"qubely-postgrid-title\"><a href=\"https:\/\/scherer-kohl.de\/index.php\/2019\/07\/11\/ausgleichsflache-im-burgerpark\/\">Ausgleichsfl\u00e4che im B\u00fcrgerpark<\/a><\/h2><div class=\"qubely-postgrid-meta\"><span><i class=\"far fa-calendar-alt\"><\/i> 11\/07\/2019<\/span><\/div><div class=\"qubely-postgrid-intro\">Das zweiteilige Kunstprojekt prima materia konnte realisiert werden mit Unterst\u00fctzung der Stadt Kirchheim unter Teck, Scherer &#038; Kohl GmbH &#038; Co.KG, Ludwigshafen und der Heinrich&#8230;<\/div><div class=\"qubely-postgrid-btn-wrapper\"><a class=\"qubely-postgrid-btn qubely-button-fill is-small\" href=\"https:\/\/scherer-kohl.de\/index.php\/2019\/07\/11\/ausgleichsflache-im-burgerpark\/\">weiterlesen<\/a><\/div><\/div><\/div><\/div><div class=\"qubely-postgrid qubely-post-grid-view qubely-postgrid-style-3\"><div class=\"qubely-post-grid-wrapper qubely-post-grid-center\"><div class=\"qubely-post-grid-content\"><h2 class=\"qubely-postgrid-title\"><a href=\"https:\/\/scherer-kohl.de\/index.php\/2018\/08\/01\/herzlich-willkommen\/\">Herzlich willkommen!<\/a><\/h2><div class=\"qubely-postgrid-meta\"><span><i class=\"far fa-calendar-alt\"><\/i> 01\/08\/2018<\/span><\/div><div class=\"qubely-postgrid-intro\">Endlich ist es soweit &#8211; unsere neuen Auszubildenden starten seit dem 1. August durch. F\u00fcr den kaufm\u00e4nnischen konnten wir 3 Industriekaufleute und f\u00fcr den gewerblichen Bereich 2&#8230;<\/div><div class=\"qubely-postgrid-btn-wrapper\"><a class=\"qubely-postgrid-btn qubely-button-fill is-small\" href=\"https:\/\/scherer-kohl.de\/index.php\/2018\/08\/01\/herzlich-willkommen\/\">weiterlesen<\/a><\/div><\/div><\/div><\/div><div class=\"qubely-postgrid qubely-post-grid-view qubely-postgrid-style-3\"><div class=\"qubely-post-grid-wrapper qubely-post-grid-center\"><div class=\"qubely-post-grid-content\"><h2 class=\"qubely-postgrid-title\"><a href=\"https:\/\/scherer-kohl.de\/index.php\/2018\/05\/12\/klimaschutz-durch-kreislaufwirtschaft\/\">Klimaschutz durch Kreislaufwirtschaft<\/a><\/h2><div class=\"qubely-postgrid-meta\"><span><i class=\"far fa-calendar-alt\"><\/i> 12\/05\/2018<\/span><\/div><div class=\"qubely-postgrid-intro\">Sie interessieren sich f\u00fcr unsere t\u00e4glichen Arbeiten? Dann \u00f6ffnen Sie bitte den Link und schauen sich den Film an.<\/div><div class=\"qubely-postgrid-btn-wrapper\"><a class=\"qubely-postgrid-btn qubely-button-fill is-small\" href=\"https:\/\/scherer-kohl.de\/index.php\/2018\/05\/12\/klimaschutz-durch-kreislaufwirtschaft\/\">weiterlesen<\/a><\/div><\/div><\/div><\/div><div class=\"qubely-postgrid qubely-post-grid-view qubely-postgrid-style-3\"><div class=\"qubely-post-grid-wrapper qubely-post-grid-center\"><div class=\"qubely-post-grid-content\"><h2 class=\"qubely-postgrid-title\"><a href=\"https:\/\/scherer-kohl.de\/index.php\/2017\/10\/10\/reiterhof-kinderhilfe-e-v\/\">Reiterhof Kinderhilfe e.V.<\/a><\/h2><div class=\"qubely-postgrid-meta\"><span><i class=\"far fa-calendar-alt\"><\/i> 10\/10\/2017<\/span><\/div><div class=\"qubely-postgrid-intro\">Nicht nur die &#8222;jungen&#8220; Reiterinnen und Reiter freuen sich \u00fcber das von Scherer + Kohl gespendete F\u00fcllmaterial, sondern auch die Pferde!<\/div><div class=\"qubely-postgrid-btn-wrapper\"><a class=\"qubely-postgrid-btn qubely-button-fill is-small\" href=\"https:\/\/scherer-kohl.de\/index.php\/2017\/10\/10\/reiterhof-kinderhilfe-e-v\/\">weiterlesen<\/a><\/div><\/div><\/div><\/div><div class=\"qubely-postgrid qubely-post-grid-view qubely-postgrid-style-3\"><div class=\"qubely-post-grid-wrapper qubely-post-grid-center\"><div class=\"qubely-post-grid-content\"><h2 class=\"qubely-postgrid-title\"><a href=\"https:\/\/scherer-kohl.de\/index.php\/2017\/01\/10\/spende-fur-eichhornchen\/\">Spende f\u00fcr Eichh\u00f6rnchen<\/a><\/h2><div class=\"qubely-postgrid-meta\"><span><i class=\"far fa-calendar-alt\"><\/i> 10\/01\/2017<\/span><\/div><div class=\"qubely-postgrid-intro\">Mit gro\u00dfer Dankbarkeit nahmen Irene und G\u00fcnter Tiefensee von Eichh\u00f6rnchen,  dem F\u00f6rderverein f\u00fcr den Kinderschutzbund, eine Spende \u00fcber 1.500 \u20ac der Firma Scherer &#038; Kohl<\/div><div class=\"qubely-postgrid-btn-wrapper\"><a class=\"qubely-postgrid-btn qubely-button-fill is-small\" href=\"https:\/\/scherer-kohl.de\/index.php\/2017\/01\/10\/spende-fur-eichhornchen\/\">weiterlesen<\/a><\/div><\/div><\/div><\/div><div class=\"qubely-postgrid qubely-post-grid-view qubely-postgrid-style-3\"><div class=\"qubely-post-grid-wrapper qubely-post-grid-center\"><div class=\"qubely-post-grid-content\"><h2 class=\"qubely-postgrid-title\"><a href=\"https:\/\/scherer-kohl.de\/index.php\/2016\/10\/25\/umweltbildungszentrum-in-mainz\/\">Umweltbildungszentrum in Mainz<\/a><\/h2><div class=\"qubely-postgrid-meta\"><span><i class=\"far fa-calendar-alt\"><\/i> 25\/10\/2016<\/span><\/div><div class=\"qubely-postgrid-intro\">R-Beton &#8211; Ein Beitrag zur Nachhaltigkeit mit Zuschlagstoffen von Scherer+Kohl<\/div><div class=\"qubely-postgrid-btn-wrapper\"><a class=\"qubely-postgrid-btn qubely-button-fill is-small\" href=\"https:\/\/scherer-kohl.de\/index.php\/2016\/10\/25\/umweltbildungszentrum-in-mainz\/\">weiterlesen<\/a><\/div><\/div><\/div><\/div><div class=\"qubely-postgrid qubely-post-grid-view qubely-postgrid-style-3\"><div class=\"qubely-post-grid-wrapper qubely-post-grid-center\"><div class=\"qubely-post-grid-content\"><h2 class=\"qubely-postgrid-title\"><a href=\"https:\/\/scherer-kohl.de\/index.php\/2016\/04\/29\/fruhling-eingeleitet\/\">Fr\u00fchling eingeleitet<\/a><\/h2><div class=\"qubely-postgrid-meta\"><span><i class=\"far fa-calendar-alt\"><\/i> 29\/04\/2016<\/span><\/div><div class=\"qubely-postgrid-intro\">Endlich ist es soweit! Scherer &#038; Kohl feiert am 22. April das erste Fr\u00fchlingsfest mit der gesamten Belegschaft.<\/div><div class=\"qubely-postgrid-btn-wrapper\"><a class=\"qubely-postgrid-btn qubely-button-fill is-small\" href=\"https:\/\/scherer-kohl.de\/index.php\/2016\/04\/29\/fruhling-eingeleitet\/\">weiterlesen<\/a><\/div><\/div><\/div><\/div><div class=\"qubely-postgrid qubely-post-grid-view qubely-postgrid-style-3\"><div class=\"qubely-post-grid-wrapper qubely-post-grid-center\"><div class=\"qubely-post-grid-content\"><h2 class=\"qubely-postgrid-title\"><a href=\"https:\/\/scherer-kohl.de\/index.php\/2016\/04\/12\/grose-freude-in-der-kjp-im-st-annastift\/\">Gro\u00dfe Freude in der KJP im St. Annastift<\/a><\/h2><div class=\"qubely-postgrid-meta\"><span><i class=\"far fa-calendar-alt\"><\/i> 12\/04\/2016<\/span><\/div><div class=\"qubely-postgrid-intro\">Chill mal! im neu gestalteten Entspannungsraum der Tagesklinikstation Miriam.<\/div><div class=\"qubely-postgrid-btn-wrapper\"><a class=\"qubely-postgrid-btn qubely-button-fill is-small\" href=\"https:\/\/scherer-kohl.de\/index.php\/2016\/04\/12\/grose-freude-in-der-kjp-im-st-annastift\/\">weiterlesen<\/a><\/div><\/div><\/div><\/div><\/div><div class=\"qubely-postgrid-pagination\"><\/div><\/div><\/div><\/div>\n<\/div><\/div><\/div>\n\n\n\n<p><\/p>\n","protected":false},"excerpt":{"rendered":"","protected":false},"author":2,"featured_media":0,"parent":18,"menu_order":33,"comment_status":"closed","ping_status":"closed","template":"","meta":{"qubely_global_settings":"","qubely_interactions":"","footnotes":""},"class_list":["post-26","page","type-page","status-publish","hentry"],"_links":{"self":[{"href":"https:\/\/scherer-kohl.de\/index.php\/wp-json\/wp\/v2\/pages\/26","targetHints":{"allow":["GET"]}}],"collection":[{"href":"https:\/\/scherer-kohl.de\/index.php\/wp-json\/wp\/v2\/pages"}],"about":[{"href":"https:\/\/scherer-kohl.de\/index.php\/wp-json\/wp\/v2\/types\/page"}],"author":[{"embeddable":true,"href":"https:\/\/scherer-kohl.de\/index.php\/wp-json\/wp\/v2\/users\/2"}],"replies":[{"embeddable":true,"href":"https:\/\/scherer-kohl.de\/index.php\/wp-json\/wp\/v2\/comments?post=26"}],"version-history":[{"count":43,"href":"https:\/\/scherer-kohl.de\/index.php\/wp-json\/wp\/v2\/pages\/26\/revisions"}],"predecessor-version":[{"id":1626,"href":"https:\/\/scherer-kohl.de\/index.php\/wp-json\/wp\/v2\/pages\/26\/revisions\/1626"}],"up":[{"embeddable":true,"href":"https:\/\/scherer-kohl.de\/index.php\/wp-json\/wp\/v2\/pages\/18"}],"wp:attachment":[{"href":"https:\/\/scherer-kohl.de\/index.php\/wp-json\/wp\/v2\/media?parent=26"}],"curies":[{"name":"wp","href":"https:\/\/api.w.org\/{rel}","templated":true}]}}