{"id":30,"date":"2021-10-05T08:12:47","date_gmt":"2021-10-05T08:12:47","guid":{"rendered":"http:\/\/antares.scherer-kohl.de\/?page_id=30"},"modified":"2024-08-29T13:29:37","modified_gmt":"2024-08-29T13:29:37","slug":"abbruch","status":"publish","type":"page","link":"https:\/\/scherer-kohl.de\/index.php\/leistungen\/abbruch\/","title":{"rendered":"Abbruch"},"content":{"rendered":"<div class=\"n2_clear\"><ss3-force-full-width data-overflow-x=\"body\" data-horizontal-selector=\"body\"><div class=\"n2-section-smartslider fitvidsignore  n2_clear\" data-ssid=\"12\"><div id=\"n2-ss-12-align\" class=\"n2-ss-align\"><div class=\"n2-padding\"><div id=\"n2-ss-12\" data-creator=\"Smart Slider 3\" data-responsive=\"fullwidth\" class=\"n2-ss-slider n2-ow n2-has-hover n2notransition  \">\n\n\n\n<div class=\"n2-ss-slider-wrapper-inside\">\n        <div class=\"n2-ss-slider-1 n2_ss__touch_element n2-ow\">\n            <div class=\"n2-ss-slider-2 n2-ow\">\n                                                <div class=\"n2-ss-slider-3 n2-ow\">\n\n                    <div class=\"n2-ss-slide-backgrounds n2-ow-all\"><div class=\"n2-ss-slide-background\" data-public-id=\"1\" data-mode=\"fill\"><div class=\"n2-ss-slide-background-image\" data-blur=\"0\" data-opacity=\"100\" data-x=\"50\" data-y=\"50\" data-alt=\"\" data-title=\"\"><picture class=\"skip-lazy\" data-skip-lazy=\"1\"><img decoding=\"async\" src=\"\/\/scherer-kohl.de\/wp-content\/uploads\/2022\/03\/15251-03-53_Datei-scaled.jpg\" alt=\"\" title=\"\" loading=\"lazy\" class=\"skip-lazy\" data-skip-lazy=\"1\"><\/picture><\/div><div data-color=\"RGBA(255,255,255,0)\" style=\"background-color: RGBA(255,255,255,0);\" class=\"n2-ss-slide-background-color\"><\/div><\/div><div class=\"n2-ss-slide-background\" data-public-id=\"2\" data-mode=\"fill\" aria-hidden=\"true\"><div class=\"n2-ss-slide-background-image\" data-blur=\"0\" data-opacity=\"100\" data-x=\"50\" data-y=\"50\" data-alt=\"\" data-title=\"\"><picture class=\"skip-lazy\" data-skip-lazy=\"1\"><img decoding=\"async\" src=\"\/\/scherer-kohl.de\/wp-content\/uploads\/2022\/03\/15251-03-47_Datei-smaller.jpg\" alt=\"\" title=\"\" loading=\"lazy\" class=\"skip-lazy\" data-skip-lazy=\"1\"><\/picture><\/div><div data-color=\"RGBA(255,255,255,0)\" style=\"background-color: RGBA(255,255,255,0);\" class=\"n2-ss-slide-background-color\"><\/div><\/div><\/div>                    <div class=\"n2-ss-slider-4 n2-ow\">\n                        <svg xmlns=\"http:\/\/www.w3.org\/2000\/svg\" viewBox=\"0 0 1400 400\" data-related-device=\"desktopPortrait\" class=\"n2-ow n2-ss-preserve-size n2-ss-preserve-size--slider n2-ss-slide-limiter\"><\/svg><div data-first=\"1\" data-slide-duration=\"0\" data-id=\"45\" data-slide-public-id=\"1\" data-title=\"csm_15251-03-53_Web-Datei_c9ead3ed34\" class=\"n2-ss-slide n2-ow  n2-ss-slide-45\"><div role=\"note\" class=\"n2-ss-slide--focus\" tabindex=\"-1\">csm_15251-03-53_Web-Datei_c9ead3ed34<\/div><div class=\"n2-ss-layers-container n2-ss-slide-limiter n2-ow\"><div class=\"n2-ss-layer n2-ow n-uc-tuyeg8KLZm5M\" data-sstype=\"slide\" data-pm=\"default\"><\/div><\/div><\/div><div data-slide-duration=\"0\" data-id=\"46\" data-slide-public-id=\"2\" aria-hidden=\"true\" data-title=\"csm_15251-03-47_Web-Datei_259be14fb9\" class=\"n2-ss-slide n2-ow  n2-ss-slide-46\"><div role=\"note\" class=\"n2-ss-slide--focus\" tabindex=\"-1\">csm_15251-03-47_Web-Datei_259be14fb9<\/div><div class=\"n2-ss-layers-container n2-ss-slide-limiter n2-ow\"><div class=\"n2-ss-layer n2-ow n-uc-K18eoIkrrJdb\" data-sstype=\"slide\" data-pm=\"default\"><\/div><\/div><\/div>                    <\/div>\n\n                                    <\/div>\n            <\/div>\n        <\/div>\n        <div class=\"n2-ss-slider-controls n2-ss-slider-controls-absolute-left-center\"><div style=\"--widget-offset:15px;\" class=\"n2-ss-widget nextend-arrow n2-ow-all nextend-arrow-previous  nextend-arrow-animated-fade\" data-hide-mobileportrait=\"1\" id=\"n2-ss-12-arrow-previous\" role=\"button\" aria-label=\"previous arrow\" tabindex=\"0\"><img loading=\"lazy\" decoding=\"async\" width=\"32\" height=\"32\" class=\"skip-lazy\" data-skip-lazy=\"1\" src=\"data:image\/svg+xml;base64,PHN2ZyB3aWR0aD0iMzIiIGhlaWdodD0iMzIiIHZpZXdCb3g9IjAgMCAzMiAzMiIgeG1sbnM9Imh0dHA6Ly93d3cudzMub3JnLzIwMDAvc3ZnIj4KICAgIDxwYXRoIGQ9Ik0xMS40MzMgMTUuOTkyTDIyLjY5IDUuNzEyYy4zOTMtLjM5LjM5My0xLjAzIDAtMS40Mi0uMzkzLS4zOS0xLjAzLS4zOS0xLjQyMyAwbC0xMS45OCAxMC45NGMtLjIxLjIxLS4zLjQ5LS4yODUuNzYtLjAxNS4yOC4wNzUuNTYuMjg0Ljc3bDExLjk4IDEwLjk0Yy4zOTMuMzkgMS4wMy4zOSAxLjQyNCAwIC4zOTMtLjQuMzkzLTEuMDMgMC0xLjQybC0xMS4yNTctMTAuMjkiCiAgICAgICAgICBmaWxsPSIjZmZmZmZmIiBvcGFjaXR5PSIwLjgiIGZpbGwtcnVsZT0iZXZlbm9kZCIvPgo8L3N2Zz4=\" alt=\"previous arrow\"><\/div><\/div><div class=\"n2-ss-slider-controls n2-ss-slider-controls-absolute-right-center\"><div style=\"--widget-offset:15px;\" class=\"n2-ss-widget nextend-arrow n2-ow-all nextend-arrow-next  nextend-arrow-animated-fade\" data-hide-mobileportrait=\"1\" id=\"n2-ss-12-arrow-next\" role=\"button\" aria-label=\"next arrow\" tabindex=\"0\"><img loading=\"lazy\" decoding=\"async\" width=\"32\" height=\"32\" class=\"skip-lazy\" data-skip-lazy=\"1\" src=\"data:image\/svg+xml;base64,PHN2ZyB3aWR0aD0iMzIiIGhlaWdodD0iMzIiIHZpZXdCb3g9IjAgMCAzMiAzMiIgeG1sbnM9Imh0dHA6Ly93d3cudzMub3JnLzIwMDAvc3ZnIj4KICAgIDxwYXRoIGQ9Ik0xMC43MjIgNC4yOTNjLS4zOTQtLjM5LTEuMDMyLS4zOS0xLjQyNyAwLS4zOTMuMzktLjM5MyAxLjAzIDAgMS40MmwxMS4yODMgMTAuMjgtMTEuMjgzIDEwLjI5Yy0uMzkzLjM5LS4zOTMgMS4wMiAwIDEuNDIuMzk1LjM5IDEuMDMzLjM5IDEuNDI3IDBsMTIuMDA3LTEwLjk0Yy4yMS0uMjEuMy0uNDkuMjg0LS43Ny4wMTQtLjI3LS4wNzYtLjU1LS4yODYtLjc2TDEwLjcyIDQuMjkzeiIKICAgICAgICAgIGZpbGw9IiNmZmZmZmYiIG9wYWNpdHk9IjAuOCIgZmlsbC1ydWxlPSJldmVub2RkIi8+Cjwvc3ZnPg==\" alt=\"next arrow\"><\/div><\/div><div class=\"n2-ss-slider-controls n2-ss-slider-controls-absolute-right-bottom\"><div style=\"--widget-offset:10px;\" class=\"n2-ss-widget n2-ss-control-bullet n2-ow-all n2-ss-control-bullet-horizontal\"><div class=\" nextend-bullet-bar n2-bar-justify-content-center\" role=\"group\" aria-label=\"Choose slide to display.\"><div class=\"n2-bullet n2-style-a784c52611d9c2bd7b7c05d2a9b184fb-dot \" style=\"visibility:hidden;\"><\/div><\/div><\/div><\/div><\/div><\/div><ss3-loader><\/ss3-loader><\/div><\/div><div class=\"n2_clear\"><\/div><\/div><\/ss3-force-full-width><\/div>\n\n\n<div class=\"wp-block-qubely-row qubely-section qubely-block-4e7828\"><div class=\"qubely-row-overlay\"><\/div><div class=\"qubely-container\"><div class=\"qubely-row \">\n<div class=\"wp-block-qubely-column qubely-column qubely-column-front qubely-block-286280\"><div class=\"qubely-column-inner\">\n<div class=\"wp-block-qubely-heading qubely-block-0da01a\"><div class=\"qubely-block-heading  qubely-has-separator qubely-separator-position-bottom\"><div class=\"qubely-heading-container\"><h2 class=\"qubely-heading-selector\">Mindestens so kompliziert wie der Aufbau:<\/h2><div class=\"qubely-separator qubely-separator-after\"><span class=\"qubely-separator-type-css qubely-separator-solid\"><\/span><\/div><\/div><h4 class=\"qubely-sub-heading-selector\">Der Abbruch.<\/h4><\/div><\/div>\n<\/div><\/div>\n<\/div><\/div><\/div>\n\n\n\n<div class=\"wp-block-qubely-row qubely-section qubely-block-63ceb9\"><div class=\"qubely-row-overlay\"><\/div><div class=\"qubely-container\"><div class=\"qubely-row \">\n<div class=\"wp-block-qubely-column qubely-column qubely-column-front qubely-block-74864d\"><div class=\"qubely-column-inner\">\n<div class=\"wp-block-qubely-heading qubely-block-f8fc0a\"><div class=\"qubely-block-heading  \"><div class=\"qubely-heading-container\"><h2 class=\"qubely-heading-selector\"><meta charset=\"utf-8\">Ihr pers\u00f6nlicher Ansprechpartner:<\/h2><\/div><\/div><\/div>\n\n\n\n<div class=\"wp-block-qubely-team qubely-block-2c4869\"><div class=\"qubely-block-team  qubely-team-layout-1\"><div class=\"qubely-team-image-wrapper\"><img decoding=\"async\" class=\"qubely-team-image\" src=\"https:\/\/scherer-kohl.de\/wp-content\/uploads\/2021\/10\/nutzer-kontakt.png\" srcset=\"\" alt=\"Thomas Corbet\"\/><\/div><div class=\"qubely-team-content\"><div class=\"qubely-team-content-inner\"><span class=\"qubely-team-name\">Thomas Corbet<\/span><div class=\"qubely-team-designation-container\"><span class=\"qubely-team-designation\">Bereichsleitung Abbruch<\/span><\/div><div class=\"qubely-team-information\"><div class=\"qubely-team-information-phone\"><span>+49 621 67150-95<\/span><\/div><div class=\"qubely-team-information-email\"><span>corbet.t@scherer-kohl.de<\/span><\/div><\/div><\/div><\/div><\/div><\/div>\n<\/div><\/div>\n\n\n\n<div class=\"wp-block-qubely-column qubely-column qubely-column-front qubely-block-5a89c1\"><div class=\"qubely-column-inner\">\n<p>Abbrucharbeiten sind in hohem Ma\u00dfe risikobehaftet und bed\u00fcrfen fundierter Fachkenntnis und gr\u00f6\u00dfter Sorgfalt, um m\u00f6gliche Gefahren gering zu halten. Wir haben die Experten daf\u00fcr und das Know-how, die verschiedensten Abbrucharbeiten sicher und regelkonform durchzuf\u00fchren.<\/p>\n\n\n\n<div class=\"wp-block-qubely-row qubely-section qubely-block-5ffac9\"><div class=\"qubely-row-overlay\"><\/div><div class=\"qubely-container-fluid\"><div class=\"qubely-row \">\n<div class=\"wp-block-qubely-column qubely-column qubely-column-front qubely-block-a54c69\"><div class=\"qubely-column-inner\">\n<div class=\"wp-block-qubely-button qubely-block-6d9514\"><div class=\"qubely-block-btn-wrapper \"><div class=\"qubely-block-btn\"><a class=\"qubely-block-btn-anchor is-large\" href=\"https:\/\/scherer-kohl.de\/wp-content\/uploads\/2021\/10\/2018_Referenzen_zufriedene_Kunden.pdf\" target=\"_blank\" rel=\"noopener noreferrer\"><i class=\"qubely-btn-icon fas fa-file-pdf\"><\/i>Einige unserer Auftraggeber<\/a><\/div><\/div><\/div>\n\n\n\n<p>Sie interessieren sich f\u00fcr unsere Referenzliste? Dann kontaktieren Sie Ihren Ansprechpartner.<\/p>\n<\/div><\/div>\n<\/div><\/div><\/div>\n\n\n\n<p><\/p>\n\n\n\n<div class=\"qubely-block-accordion  qubely-block-7a5af6\" data-item-toggle=\"true\">\n<div class=\"wp-block-qubely-accordion-item qubely-block-18dfc0\"><div class=\"qubely-accordion-item qubely-type-fill false\"><div class=\"qubely-accordion-panel qubely-icon-position-right\"><span class=\"qubely-accordion-panel-handler\" role=\"button\"><span class=\"qubely-accordion-panel-handler-label\">Selektiver R\u00fcckbau<\/span><span class=\"qubely-accordion-icon fa fa-plus\"><\/span><\/span><\/div><div class=\"qubely-accordion-body\"><div itemprop=\"text\">\n<p>Gro\u00dfes Wissen, langj\u00e4hrige Erfahrung, sorgf\u00e4ltige Planung und hohe Qualit\u00e4tsstandards&nbsp; machen den selektiven R\u00fcckbau mit Scherer+Kohl zu einer effizienten und sicheren Angelegenheit.<\/p>\n\n\n\n<h4 class=\"wp-block-heading\">Was ist selektiver R\u00fcckbau?<\/h4>\n\n\n\n<p>Dieser gliedert sich in die 3 Phasen:<\/p>\n\n\n\n<ol class=\"wp-block-list\">\n<li>Entkernung und Ausbau von nichtmineralischen Materialien<\/li>\n\n\n\n<li>Ausbau von Gefahrstoffen und kontaminierten Bauteilen<\/li>\n\n\n\n<li>Abbruch der mineralischen Grundsubstanz<\/li>\n<\/ol>\n\n\n\n<p>Die restliche mineralische Substanz, frei von St\u00f6r- und Schadstoffen, wird als Rohstoff in unseren Werken verarbeitet.<\/p>\n\n\n\n<p>Wir sind in der Lage, die ersten beiden Phasen so zu gestalten, dass in Phase 3 weitgehend auf Handarbeit verzichtet werden kann.<\/p>\n<\/div><\/div><\/div><\/div>\n\n\n\n<div class=\"wp-block-qubely-accordion-item qubely-block-ef9c57\"><div class=\"qubely-accordion-item qubely-type-fill false\"><div class=\"qubely-accordion-panel qubely-icon-position-right\"><span class=\"qubely-accordion-panel-handler\" role=\"button\"><span class=\"qubely-accordion-panel-handler-label\">Entkernung<\/span><span class=\"qubely-accordion-icon fa fa-plus\"><\/span><\/span><\/div><div class=\"qubely-accordion-body\"><div itemprop=\"text\">\n<p>Entkernungsarbeiten gehen h\u00e4ufig mit Schadstoffbeseitigungen einher. Unser Fachpersonal verf\u00fcgt \u00fcber die n\u00f6tigen Sonderqualifikationen und gro\u00dfe Erfahrung im Umgang mit Gefahrenstoffen.<\/p>\n\n\n\n<p>Wir achten auf eine sorgsame Entkernung, um so mehr saubere, wieder verwertbare, mineralische Stoffe zur\u00fcck zu gewinnen.<\/p>\n\n\n\n<h4 class=\"wp-block-heading\">Was ist Entkernung?<\/h4>\n\n\n\n<p>Wenn eine Neunutzung des Geb\u00e4udes beabsichtigt ist und die saubere Rohbausubstanz erhalten bleiben soll, um neue Ausr\u00fcstungen einzubauen, wird eine Entkernung durchgef\u00fchrt.<\/p>\n\n\n\n<p>Dabei werden alle eingebauten Anlagen und Einrichtungen ausgebaut, die keinen Einfluss auf die Standsicherheit haben, z.B. Fenster, T\u00fcren, Heizanlagen oder Sanit\u00e4rinstallationen.<\/p>\n\n\n\n<p>Zur Entkernung geh\u00f6rt auch das Entr\u00fcmpeln von losen, nicht befestigten Gegenst\u00e4nden wie M\u00f6beln, Teppichen oder frei stehenden Ger\u00e4ten.<\/p>\n\n\n\n<p>Die Entkernung wird zu einem gro\u00dfen Teil manuell ausgef\u00fchrt. Es kommen aber auch Kleinger\u00e4te wie z. B. Kompaktlader mit Industriegreifer, Minibagger oder mobile Arbeitsb\u00fchnen zum Einsatz.<\/p>\n<\/div><\/div><\/div><\/div>\n\n\n\n<div class=\"wp-block-qubely-accordion-item qubely-block-914f1b\"><div class=\"qubely-accordion-item qubely-type-fill false\"><div class=\"qubely-accordion-panel qubely-icon-position-right\"><span class=\"qubely-accordion-panel-handler\" role=\"button\"><span class=\"qubely-accordion-panel-handler-label\">Demontage und Verschrottung<\/span><span class=\"qubely-accordion-icon fa fa-plus\"><\/span><\/span><\/div><div class=\"qubely-accordion-body\"><div itemprop=\"text\">\n<p>Als SCC-zertifiziertes Unternehmen erf\u00fcllen wir die folgenden Punkte als Voraussetzung f\u00fcr einen reibungslosen und sicheren Betriebsablauf.<\/p>\n\n\n\n<ul class=\"wp-block-list\">\n<li>sorgf\u00e4ltige Einsch\u00e4tzung m\u00f6glicher Gefahren<\/li>\n\n\n\n<li>eine intensive Zusammenarbeit mit den Auftraggebern<\/li>\n\n\n\n<li>umfangreiche Kenntnisse \u00fcber die betroffenen Anlagen<\/li>\n<\/ul>\n\n\n\n<p>Verlassen Sie sich von der Planung bis zur Ausf\u00fchrung auf unsere Spitzentechnologien und unser hochqualifiziertes Personal.<\/p>\n\n\n\n<h4 class=\"wp-block-heading\">Was sind Demontage und Verschrottung?<\/h4>\n\n\n\n<p>Die Beseitigung von industriellen und gewerblich genutzten Anlagen und Bauwerken, z.B. Beh\u00e4lter, Silos, Produktionsanlagen, Trassen und vieles mehr.<\/p>\n\n\n\n<p>Sehr h\u00e4ufig werden diese Arbeiten unter laufendem Betrieb und unter engen Terminvorgaben in Schichten und Werkspausen durchgef\u00fchrt. Deshalb gehen wir mit h\u00f6chster Pr\u00e4zision vor.<\/p>\n<\/div><\/div><\/div><\/div>\n<\/div>\n<\/div><\/div>\n<\/div><\/div><\/div>\n","protected":false},"excerpt":{"rendered":"","protected":false},"author":2,"featured_media":0,"parent":28,"menu_order":7,"comment_status":"closed","ping_status":"closed","template":"","meta":{"qubely_global_settings":"","qubely_interactions":"","footnotes":""},"class_list":["post-30","page","type-page","status-publish","hentry"],"_links":{"self":[{"href":"https:\/\/scherer-kohl.de\/index.php\/wp-json\/wp\/v2\/pages\/30","targetHints":{"allow":["GET"]}}],"collection":[{"href":"https:\/\/scherer-kohl.de\/index.php\/wp-json\/wp\/v2\/pages"}],"about":[{"href":"https:\/\/scherer-kohl.de\/index.php\/wp-json\/wp\/v2\/types\/page"}],"author":[{"embeddable":true,"href":"https:\/\/scherer-kohl.de\/index.php\/wp-json\/wp\/v2\/users\/2"}],"replies":[{"embeddable":true,"href":"https:\/\/scherer-kohl.de\/index.php\/wp-json\/wp\/v2\/comments?post=30"}],"version-history":[{"count":9,"href":"https:\/\/scherer-kohl.de\/index.php\/wp-json\/wp\/v2\/pages\/30\/revisions"}],"predecessor-version":[{"id":1619,"href":"https:\/\/scherer-kohl.de\/index.php\/wp-json\/wp\/v2\/pages\/30\/revisions\/1619"}],"up":[{"embeddable":true,"href":"https:\/\/scherer-kohl.de\/index.php\/wp-json\/wp\/v2\/pages\/28"}],"wp:attachment":[{"href":"https:\/\/scherer-kohl.de\/index.php\/wp-json\/wp\/v2\/media?parent=30"}],"curies":[{"name":"wp","href":"https:\/\/api.w.org\/{rel}","templated":true}]}}