{"id":36,"date":"2021-10-05T08:13:43","date_gmt":"2021-10-05T08:13:43","guid":{"rendered":"http:\/\/antares.scherer-kohl.de\/?page_id=36"},"modified":"2022-04-08T08:45:03","modified_gmt":"2022-04-08T08:45:03","slug":"baustoffrecycling","status":"publish","type":"page","link":"https:\/\/scherer-kohl.de\/index.php\/leistungen\/baustoffrecycling\/","title":{"rendered":"Baustoffrecycling"},"content":{"rendered":"<div class=\"n2_clear\"><ss3-force-full-width data-overflow-x=\"body\" data-horizontal-selector=\"body\"><div class=\"n2-section-smartslider fitvidsignore  n2_clear\" data-ssid=\"15\"><div id=\"n2-ss-15-align\" class=\"n2-ss-align\"><div class=\"n2-padding\"><div id=\"n2-ss-15\" data-creator=\"Smart Slider 3\" data-responsive=\"fullwidth\" class=\"n2-ss-slider n2-ow n2-has-hover n2notransition  \">\n\n\n\n<div class=\"n2-ss-slider-wrapper-inside\">\n        <div class=\"n2-ss-slider-1 n2_ss__touch_element n2-ow\">\n            <div class=\"n2-ss-slider-2 n2-ow\">\n                                                <div class=\"n2-ss-slider-3 n2-ow\">\n\n                    <div class=\"n2-ss-slide-backgrounds n2-ow-all\"><div class=\"n2-ss-slide-background\" data-public-id=\"1\" data-mode=\"fill\"><div class=\"n2-ss-slide-background-image\" data-blur=\"0\" data-opacity=\"100\" data-x=\"50\" data-y=\"50\" data-alt=\"\" data-title=\"\"><picture class=\"skip-lazy\" data-skip-lazy=\"1\"><img decoding=\"async\" src=\"\/\/scherer-kohl.de\/wp-content\/uploads\/2022\/03\/15251-05-114_Datei-smaller.jpg\" alt=\"\" title=\"\" loading=\"lazy\" class=\"skip-lazy\" data-skip-lazy=\"1\"><\/picture><\/div><div data-color=\"RGBA(255,255,255,0)\" style=\"background-color: RGBA(255,255,255,0);\" class=\"n2-ss-slide-background-color\"><\/div><\/div><div class=\"n2-ss-slide-background\" data-public-id=\"2\" data-mode=\"fill\" aria-hidden=\"true\"><div class=\"n2-ss-slide-background-image\" data-blur=\"0\" data-opacity=\"100\" data-x=\"50\" data-y=\"50\" data-alt=\"\" data-title=\"\"><picture class=\"skip-lazy\" data-skip-lazy=\"1\"><img decoding=\"async\" src=\"\/\/scherer-kohl.de\/wp-content\/uploads\/2022\/03\/15251-05-135_Datei-smaller.jpg\" alt=\"\" title=\"\" loading=\"lazy\" class=\"skip-lazy\" data-skip-lazy=\"1\"><\/picture><\/div><div data-color=\"RGBA(255,255,255,0)\" style=\"background-color: RGBA(255,255,255,0);\" class=\"n2-ss-slide-background-color\"><\/div><\/div><div class=\"n2-ss-slide-background\" data-public-id=\"3\" data-mode=\"fill\" aria-hidden=\"true\"><div class=\"n2-ss-slide-background-image\" data-blur=\"0\" data-opacity=\"100\" data-x=\"50\" data-y=\"57\" data-alt=\"\" data-title=\"\" style=\"--ss-o-pos-y:57%\"><picture class=\"skip-lazy\" data-skip-lazy=\"1\"><img decoding=\"async\" src=\"\/\/scherer-kohl.de\/wp-content\/uploads\/2022\/03\/15251-05-016_Datei-smaller.jpg\" alt=\"\" title=\"\" loading=\"lazy\" class=\"skip-lazy\" data-skip-lazy=\"1\"><\/picture><\/div><div data-color=\"RGBA(255,255,255,0)\" style=\"background-color: RGBA(255,255,255,0);\" class=\"n2-ss-slide-background-color\"><\/div><\/div><\/div>                    <div class=\"n2-ss-slider-4 n2-ow\">\n                        <svg xmlns=\"http:\/\/www.w3.org\/2000\/svg\" viewBox=\"0 0 1400 400\" data-related-device=\"desktopPortrait\" class=\"n2-ow n2-ss-preserve-size n2-ss-preserve-size--slider n2-ss-slide-limiter\"><\/svg><div data-first=\"1\" data-slide-duration=\"0\" data-id=\"59\" data-slide-public-id=\"1\" data-title=\"csm_15251-05-114_Web-Datei_ec62a5a744\" class=\"n2-ss-slide n2-ow  n2-ss-slide-59\"><div role=\"note\" class=\"n2-ss-slide--focus\" tabindex=\"-1\">csm_15251-05-114_Web-Datei_ec62a5a744<\/div><div class=\"n2-ss-layers-container n2-ss-slide-limiter n2-ow\"><div class=\"n2-ss-layer n2-ow n-uc-3IHKY6PR5YHE\" data-sstype=\"slide\" data-pm=\"default\"><\/div><\/div><\/div><div data-slide-duration=\"0\" data-id=\"58\" data-slide-public-id=\"2\" aria-hidden=\"true\" data-title=\"csm_15251-05-135_Web-Datei_1caa292ea1\" class=\"n2-ss-slide n2-ow  n2-ss-slide-58\"><div role=\"note\" class=\"n2-ss-slide--focus\" tabindex=\"-1\">csm_15251-05-135_Web-Datei_1caa292ea1<\/div><div class=\"n2-ss-layers-container n2-ss-slide-limiter n2-ow\"><div class=\"n2-ss-layer n2-ow n-uc-rJZYaaf84UCk\" data-sstype=\"slide\" data-pm=\"default\"><\/div><\/div><\/div><div data-slide-duration=\"0\" data-id=\"57\" data-slide-public-id=\"3\" aria-hidden=\"true\" data-title=\"csm_15251-05-016_Web-Datei_4c7ad01a86\" class=\"n2-ss-slide n2-ow  n2-ss-slide-57\"><div role=\"note\" class=\"n2-ss-slide--focus\" tabindex=\"-1\">csm_15251-05-016_Web-Datei_4c7ad01a86<\/div><div class=\"n2-ss-layers-container n2-ss-slide-limiter n2-ow\"><div class=\"n2-ss-layer n2-ow n-uc-hNwuSg9JcSr0\" data-sstype=\"slide\" data-pm=\"default\"><\/div><\/div><\/div>                    <\/div>\n\n                                    <\/div>\n            <\/div>\n        <\/div>\n        <div class=\"n2-ss-slider-controls n2-ss-slider-controls-absolute-left-center\"><div style=\"--widget-offset:15px;\" class=\"n2-ss-widget nextend-arrow n2-ow-all nextend-arrow-previous  nextend-arrow-animated-fade\" data-hide-mobileportrait=\"1\" id=\"n2-ss-15-arrow-previous\" role=\"button\" aria-label=\"previous arrow\" tabindex=\"0\"><img loading=\"lazy\" decoding=\"async\" width=\"32\" height=\"32\" class=\"skip-lazy\" data-skip-lazy=\"1\" src=\"data:image\/svg+xml;base64,PHN2ZyB3aWR0aD0iMzIiIGhlaWdodD0iMzIiIHZpZXdCb3g9IjAgMCAzMiAzMiIgeG1sbnM9Imh0dHA6Ly93d3cudzMub3JnLzIwMDAvc3ZnIj4KICAgIDxwYXRoIGQ9Ik0xMS40MzMgMTUuOTkyTDIyLjY5IDUuNzEyYy4zOTMtLjM5LjM5My0xLjAzIDAtMS40Mi0uMzkzLS4zOS0xLjAzLS4zOS0xLjQyMyAwbC0xMS45OCAxMC45NGMtLjIxLjIxLS4zLjQ5LS4yODUuNzYtLjAxNS4yOC4wNzUuNTYuMjg0Ljc3bDExLjk4IDEwLjk0Yy4zOTMuMzkgMS4wMy4zOSAxLjQyNCAwIC4zOTMtLjQuMzkzLTEuMDMgMC0xLjQybC0xMS4yNTctMTAuMjkiCiAgICAgICAgICBmaWxsPSIjZmZmZmZmIiBvcGFjaXR5PSIwLjgiIGZpbGwtcnVsZT0iZXZlbm9kZCIvPgo8L3N2Zz4=\" alt=\"previous arrow\"><\/div><\/div><div class=\"n2-ss-slider-controls n2-ss-slider-controls-absolute-right-center\"><div style=\"--widget-offset:15px;\" class=\"n2-ss-widget nextend-arrow n2-ow-all nextend-arrow-next  nextend-arrow-animated-fade\" data-hide-mobileportrait=\"1\" id=\"n2-ss-15-arrow-next\" role=\"button\" aria-label=\"next arrow\" tabindex=\"0\"><img loading=\"lazy\" decoding=\"async\" width=\"32\" height=\"32\" class=\"skip-lazy\" data-skip-lazy=\"1\" src=\"data:image\/svg+xml;base64,PHN2ZyB3aWR0aD0iMzIiIGhlaWdodD0iMzIiIHZpZXdCb3g9IjAgMCAzMiAzMiIgeG1sbnM9Imh0dHA6Ly93d3cudzMub3JnLzIwMDAvc3ZnIj4KICAgIDxwYXRoIGQ9Ik0xMC43MjIgNC4yOTNjLS4zOTQtLjM5LTEuMDMyLS4zOS0xLjQyNyAwLS4zOTMuMzktLjM5MyAxLjAzIDAgMS40MmwxMS4yODMgMTAuMjgtMTEuMjgzIDEwLjI5Yy0uMzkzLjM5LS4zOTMgMS4wMiAwIDEuNDIuMzk1LjM5IDEuMDMzLjM5IDEuNDI3IDBsMTIuMDA3LTEwLjk0Yy4yMS0uMjEuMy0uNDkuMjg0LS43Ny4wMTQtLjI3LS4wNzYtLjU1LS4yODYtLjc2TDEwLjcyIDQuMjkzeiIKICAgICAgICAgIGZpbGw9IiNmZmZmZmYiIG9wYWNpdHk9IjAuOCIgZmlsbC1ydWxlPSJldmVub2RkIi8+Cjwvc3ZnPg==\" alt=\"next arrow\"><\/div><\/div><div class=\"n2-ss-slider-controls n2-ss-slider-controls-absolute-right-bottom\"><div style=\"--widget-offset:10px;\" class=\"n2-ss-widget n2-ss-control-bullet n2-ow-all n2-ss-control-bullet-horizontal\"><div class=\" nextend-bullet-bar n2-bar-justify-content-center\" role=\"group\" aria-label=\"Choose slide to display.\"><div class=\"n2-bullet n2-style-a784c52611d9c2bd7b7c05d2a9b184fb-dot \" style=\"visibility:hidden;\"><\/div><\/div><\/div><\/div><\/div><\/div><ss3-loader><\/ss3-loader><\/div><\/div><div class=\"n2_clear\"><\/div><\/div><\/ss3-force-full-width><\/div>\n\n\n<div class=\"wp-block-qubely-row qubely-section qubely-block-4dd042\"><div class=\"qubely-row-overlay\"><\/div><div class=\"qubely-container\"><div class=\"qubely-row \">\n<div class=\"wp-block-qubely-column qubely-column qubely-column-front qubely-block-9e59fc\"><div class=\"qubely-column-inner\">\n<div class=\"wp-block-qubely-heading qubely-block-58d79e\"><div class=\"qubely-block-heading  qubely-has-separator qubely-separator-position-bottom\"><div class=\"qubely-heading-container\"><h2 class=\"qubely-heading-selector\"><meta charset=\"utf-8\">Steinaltes wie neu:<\/h2><div class=\"qubely-separator qubely-separator-after\"><span class=\"qubely-separator-type-css qubely-separator-solid\"><\/span><\/div><\/div><h4 class=\"qubely-sub-heading-selector\"><meta charset=\"utf-8\">Baustoffrecycling<\/h4><\/div><\/div>\n<\/div><\/div>\n<\/div><\/div><\/div>\n\n\n\n<div class=\"wp-block-qubely-row qubely-section qubely-block-c1afc3\"><div class=\"qubely-row-overlay\"><\/div><div class=\"qubely-container\"><div class=\"qubely-row \">\n<div class=\"wp-block-qubely-column qubely-column qubely-column-front qubely-block-c0220a\"><div class=\"qubely-column-inner\">\n<div class=\"wp-block-qubely-heading qubely-block-1ac344\"><div class=\"qubely-block-heading  \"><div class=\"qubely-heading-container\"><h2 class=\"qubely-heading-selector\">Ihr pers\u00f6nlicher Ansprechpartner:<\/h2><\/div><\/div><\/div>\n\n\n\n<div class=\"wp-block-qubely-team qubely-block-6ac9e0\"><div class=\"qubely-block-team  qubely-team-layout-1\"><div class=\"qubely-team-image-wrapper\"><img decoding=\"async\" class=\"qubely-team-image\" src=\"https:\/\/scherer-kohl.de\/wp-content\/uploads\/2021\/10\/nutzer-kontakt.png\" srcset=\"\" alt=\"<meta charset=&quot;utf-8&quot;&gt;Hans-J\u00fcrgen Moser\"\/><\/div><div class=\"qubely-team-content\"><div class=\"qubely-team-content-inner\"><span class=\"qubely-team-name\"><meta charset=\"utf-8\">Hans-J\u00fcrgen Moser<\/span><div class=\"qubely-team-designation-container\"><span class=\"qubely-team-designation\">Leiter Vertriebsinnendienst<\/span><\/div><div class=\"qubely-team-information\"><div class=\"qubely-team-information-phone\"><span>+49 621 67150-37<\/span><\/div><div class=\"qubely-team-information-email\"><span>moser.h@scherer-kohl.de<\/span><\/div><\/div><\/div><\/div><\/div><\/div>\n<\/div><\/div>\n\n\n\n<div class=\"wp-block-qubely-column qubely-column qubely-column-front qubely-block-169e6b\"><div class=\"qubely-column-inner\">\n<p>Unsere aufbereiteten RC-Baustoffe werden eigen- und fremd\u00fcberwacht und sind qualitativ gleichwertig mit Naturbaustoffen. G\u00fctesiegel belegen den hohen Qualit\u00e4tsstandard unserer Ersatzbaustoffe. Die RC-Gemische f\u00fcr den Stra\u00dfen-Tiefbau sowie Wege- und Landschaftsbau werden unter der gesch\u00fctzten Marke RECYLIT\u00ae am Markt angeboten.<\/p>\n\n\n\n<h4 class=\"wp-block-heading\">Unser Lieferprogramm beinhaltet unter anderem:<\/h4>\n\n\n\n<ul class=\"wp-block-list\"><li>Frostschutz- und Tragschichtmaterialien<\/li><li>Zuschlagstoffe f\u00fcr Beton- und Asphaltherstellung<\/li><li>Splitte<\/li><li>Sande<\/li><li>Auff\u00fcllmaterialien<\/li><li>Mutterboden<\/li><li>individuelle Baustoffgemische<\/li><\/ul>\n\n\n\n<h4 class=\"wp-block-heading\">Was ist Baustoffrecycling?<\/h4>\n\n\n\n<p>Die Neuverwendung von Baustoffen, die aus ihrer bisherigen Funktion befreit wurden.<br>Hierbei bereiten unsere drei innovativen Anlagen f\u00fcr Baustoffe die mineralischen Abf\u00e4lle, Gleisbau- und Altschottermaterialien nach der TL-Gestein-StB \/ TL-SoB-StB auf.<\/p>\n\n\n\n<div class=\"wp-block-qubely-button qubely-block-f4462d\"><div class=\"qubely-block-btn-wrapper \"><div class=\"qubely-block-btn\"><a class=\"qubely-block-btn-anchor is-large\" href=\"https:\/\/scherer-kohl.de\/wp-content\/uploads\/2021\/10\/Referenzen_zufriedene_Kunden_1.pdf\" target=\"_blank\" rel=\"noopener noreferrer\"><i class=\"qubely-btn-icon fas fa-file-pdf\"><\/i>Einige unserer Auftraggeber<\/a><\/div><\/div><\/div>\n\n\n\n<p>Sie interessieren sich f\u00fcr unsere Referenzliste? Dann kontaktieren Sie Ihren Ansprechpartner.<\/p>\n<\/div><\/div>\n<\/div><\/div><\/div>\n","protected":false},"excerpt":{"rendered":"","protected":false},"author":2,"featured_media":0,"parent":28,"menu_order":13,"comment_status":"closed","ping_status":"closed","template":"","meta":{"qubely_global_settings":"","qubely_interactions":"","footnotes":""},"class_list":["post-36","page","type-page","status-publish","hentry"],"_links":{"self":[{"href":"https:\/\/scherer-kohl.de\/index.php\/wp-json\/wp\/v2\/pages\/36","targetHints":{"allow":["GET"]}}],"collection":[{"href":"https:\/\/scherer-kohl.de\/index.php\/wp-json\/wp\/v2\/pages"}],"about":[{"href":"https:\/\/scherer-kohl.de\/index.php\/wp-json\/wp\/v2\/types\/page"}],"author":[{"embeddable":true,"href":"https:\/\/scherer-kohl.de\/index.php\/wp-json\/wp\/v2\/users\/2"}],"replies":[{"embeddable":true,"href":"https:\/\/scherer-kohl.de\/index.php\/wp-json\/wp\/v2\/comments?post=36"}],"version-history":[{"count":13,"href":"https:\/\/scherer-kohl.de\/index.php\/wp-json\/wp\/v2\/pages\/36\/revisions"}],"predecessor-version":[{"id":1325,"href":"https:\/\/scherer-kohl.de\/index.php\/wp-json\/wp\/v2\/pages\/36\/revisions\/1325"}],"up":[{"embeddable":true,"href":"https:\/\/scherer-kohl.de\/index.php\/wp-json\/wp\/v2\/pages\/28"}],"wp:attachment":[{"href":"https:\/\/scherer-kohl.de\/index.php\/wp-json\/wp\/v2\/media?parent=36"}],"curies":[{"name":"wp","href":"https:\/\/api.w.org\/{rel}","templated":true}]}}