{"id":42,"date":"2021-10-05T08:15:02","date_gmt":"2021-10-05T08:15:02","guid":{"rendered":"http:\/\/antares.scherer-kohl.de\/?page_id=42"},"modified":"2023-03-28T09:26:34","modified_gmt":"2023-03-28T09:26:34","slug":"qualitatsmanagement","status":"publish","type":"page","link":"https:\/\/scherer-kohl.de\/index.php\/service\/qualitatsmanagement\/","title":{"rendered":"Qualit\u00e4tsmanagement"},"content":{"rendered":"<div class=\"n2-section-smartslider fitvidsignore small-slider n2_clear\" data-ssid=\"18\"><div id=\"n2-ss-18-align\" class=\"n2-ss-align\"><div class=\"n2-padding\"><div id=\"n2-ss-18\" data-creator=\"Smart Slider 3\" data-responsive=\"fullwidth\" class=\"n2-ss-slider n2-ow n2-has-hover n2notransition  \">\n        <div class=\"n2-ss-slider-1 n2_ss__touch_element n2-ow\">\n            <div class=\"n2-ss-slider-2 n2-ow\">\n                                                <div class=\"n2-ss-slider-3 n2-ow\">\n\n                    <div class=\"n2-ss-slide-backgrounds n2-ow-all\"><div class=\"n2-ss-slide-background\" data-public-id=\"1\" data-mode=\"fill\"><div class=\"n2-ss-slide-background-image\" data-blur=\"0\" data-opacity=\"100\" data-x=\"46\" data-y=\"47\" data-alt=\"\" data-title=\"\" style=\"--ss-o-pos-x:46%;--ss-o-pos-y:47%\"><picture class=\"skip-lazy\" data-skip-lazy=\"1\"><img decoding=\"async\" src=\"\/\/scherer-kohl.de\/wp-content\/uploads\/2021\/11\/Schmaler-Header-3.jpg\" alt=\"\" title=\"\" loading=\"lazy\" class=\"skip-lazy\" data-skip-lazy=\"1\"><\/picture><\/div><div data-color=\"RGBA(255,255,255,0)\" style=\"background-color: RGBA(255,255,255,0);\" class=\"n2-ss-slide-background-color\"><\/div><\/div><\/div>                    <div class=\"n2-ss-slider-4 n2-ow\">\n                        <svg xmlns=\"http:\/\/www.w3.org\/2000\/svg\" viewBox=\"0 0 1200 140\" data-related-device=\"desktopPortrait\" class=\"n2-ow n2-ss-preserve-size n2-ss-preserve-size--slider n2-ss-slide-limiter\"><\/svg><div data-first=\"1\" data-slide-duration=\"0\" data-id=\"65\" data-slide-public-id=\"1\" data-title=\"slider-schmal-sk-2\" class=\"n2-ss-slide n2-ow  n2-ss-slide-65\"><div role=\"note\" class=\"n2-ss-slide--focus\" tabindex=\"-1\">slider-schmal-sk-2<\/div><div class=\"n2-ss-layers-container n2-ss-slide-limiter n2-ow\"><div class=\"n2-ss-layer n2-ow n-uc-c7LZO07Td3mK\" data-sstype=\"slide\" data-pm=\"default\"><\/div><\/div><\/div>                    <\/div>\n\n                                    <\/div>\n            <\/div>\n        <\/div>\n        <\/div><ss3-loader><\/ss3-loader><\/div><\/div><div class=\"n2_clear\"><\/div><\/div>\n\n\n<div class=\"wp-block-qubely-row qubely-section qubely-block-0cd2ac\"><div class=\"qubely-row-overlay\"><\/div><div class=\"qubely-container\"><div class=\"qubely-row \">\n<div class=\"wp-block-qubely-column qubely-column qubely-column-front qubely-block-ec78fc\"><div class=\"qubely-column-inner\">\n<div class=\"wp-block-qubely-heading qubely-block-2c078d\"><div class=\"qubely-block-heading  qubely-has-separator qubely-separator-position-bottom\"><div class=\"qubely-heading-container\"><h2 class=\"qubely-heading-selector\"><meta charset=\"utf-8\">Qualit\u00e4t kommt nicht von ungef\u00e4hr.<\/h2><div class=\"qubely-separator qubely-separator-after\"><span class=\"qubely-separator-type-css qubely-separator-solid\"><\/span><\/div><\/div><h4 class=\"qubely-sub-heading-selector\"><meta charset=\"utf-8\">Unser Qualit\u00e4tsmanagement.<\/h4><\/div><\/div>\n<\/div><\/div>\n<\/div><\/div><\/div>\n\n\n\n<div class=\"wp-block-qubely-row qubely-section qubely-block-1cc62b\"><div class=\"qubely-row-overlay\"><\/div><div class=\"qubely-container\"><div class=\"qubely-row \">\n<div class=\"wp-block-qubely-column qubely-column qubely-column-front qubely-block-42a534\"><div class=\"qubely-column-inner\">\n<p>Um die gleichbleibend hohe Qualit\u00e4t unserer Produkte und Dienstleistungen zu gew\u00e4hrleisten und Sicherheits- und Gesundheitsrisiken zu vermeiden, verf\u00fcgen wir \u00fcber ein umfassendes Qualit\u00e4tsmanagement-System (QM-System).<\/p>\n\n\n\n<p>Es st\u00e4rkt das Engagement, die Fachkompetenz und die Eigenverantwortung unserer Mitarbeiterinnen und Mitarbeiter und \u00fcberwacht unsere Produkte und Dienstleistungen, um den h\u00f6chsten Anspr\u00fcchen gerecht zu werden.<\/p>\n\n\n\n<h4 class=\"wp-block-heading\">Das QM-System basiert auf:<\/h4>\n\n\n\n<ul class=\"wp-block-list\">\n<li>den Regeln der DIN EN&nbsp; ISO 9001:2015<\/li>\n\n\n\n<li>den Anforderungen an Entsorgungsfachbetriebe Zertifikat 2022 inklusive Anlagen gem. EfbV<\/li>\n\n\n\n<li>den Anforderungen an das Sicherheits-Certifikat-Contraktoren <br>(SCC** Version 2011) den berufsgenossenschaftlichen Vorschriften zur Arbeitssicherheit<\/li>\n<\/ul>\n<\/div><\/div>\n\n\n\n<div class=\"wp-block-qubely-column qubely-column qubely-column-front qubely-block-175112\"><div class=\"qubely-column-inner\">\n<p>Verlassen Sie sich auf eine effiziente, fachgerechte und rechtssichere Auftragsausf\u00fchrung.<br><br>Sie haben Fragen zum kontrollierten R\u00fcckbau, zur Entsorgung oder zum Recycling und der Wiederverwendung mineralischer Baustoffe? Wir informieren Sie gerne.<\/p>\n\n\n\n<p>Bei weiteren Fragen k\u00f6nnen Sie uns gerne kontaktieren:&nbsp;<a href=\"mailto:info@scherer-kohl.de\">info@scherer-kohl.de<\/a><\/p>\n<\/div><\/div>\n<\/div><\/div><\/div>\n","protected":false},"excerpt":{"rendered":"","protected":false},"author":2,"featured_media":0,"parent":38,"menu_order":26,"comment_status":"closed","ping_status":"closed","template":"","meta":{"qubely_global_settings":"","qubely_interactions":"","footnotes":""},"class_list":["post-42","page","type-page","status-publish","hentry"],"_links":{"self":[{"href":"https:\/\/scherer-kohl.de\/index.php\/wp-json\/wp\/v2\/pages\/42","targetHints":{"allow":["GET"]}}],"collection":[{"href":"https:\/\/scherer-kohl.de\/index.php\/wp-json\/wp\/v2\/pages"}],"about":[{"href":"https:\/\/scherer-kohl.de\/index.php\/wp-json\/wp\/v2\/types\/page"}],"author":[{"embeddable":true,"href":"https:\/\/scherer-kohl.de\/index.php\/wp-json\/wp\/v2\/users\/2"}],"replies":[{"embeddable":true,"href":"https:\/\/scherer-kohl.de\/index.php\/wp-json\/wp\/v2\/comments?post=42"}],"version-history":[{"count":10,"href":"https:\/\/scherer-kohl.de\/index.php\/wp-json\/wp\/v2\/pages\/42\/revisions"}],"predecessor-version":[{"id":1496,"href":"https:\/\/scherer-kohl.de\/index.php\/wp-json\/wp\/v2\/pages\/42\/revisions\/1496"}],"up":[{"embeddable":true,"href":"https:\/\/scherer-kohl.de\/index.php\/wp-json\/wp\/v2\/pages\/38"}],"wp:attachment":[{"href":"https:\/\/scherer-kohl.de\/index.php\/wp-json\/wp\/v2\/media?parent=42"}],"curies":[{"name":"wp","href":"https:\/\/api.w.org\/{rel}","templated":true}]}}